{"id":480,"date":"2025-11-24T18:25:54","date_gmt":"2025-11-24T18:25:54","guid":{"rendered":"https:\/\/powderblue-hawk-729619.hostingersite.com\/?page_id=480"},"modified":"2025-11-25T12:10:52","modified_gmt":"2025-11-25T12:10:52","slug":"textos","status":"publish","type":"page","link":"https:\/\/cdh.franca.unesp.br\/?page_id=480","title":{"rendered":"Textos"},"content":{"rendered":"\t\t<div data-elementor-type=\"wp-page\" data-elementor-id=\"480\" class=\"elementor elementor-480\" data-elementor-post-type=\"page\">\n\t\t\t\t<div class=\"elementor-element elementor-element-15ca634 e-flex e-con-boxed e-con e-parent\" data-id=\"15ca634\" data-element_type=\"container\">\n\t\t\t\t\t<div class=\"e-con-inner\">\n\t\t\t\t<div class=\"elementor-element elementor-element-47f6f7e elementor-widget elementor-widget-heading\" data-id=\"47f6f7e\" data-element_type=\"widget\" data-widget_type=\"heading.default\">\n\t\t\t\t\t<h2 class=\"elementor-heading-title elementor-size-default\">Textos<\/h2>\t\t\t\t<\/div>\n\t\t\t\t\t<\/div>\n\t\t\t\t<\/div>\n\t\t<div class=\"elementor-element elementor-element-26ba042 e-flex e-con-boxed e-con e-parent\" data-id=\"26ba042\" data-element_type=\"container\">\n\t\t\t\t\t<div class=\"e-con-inner\">\n\t\t<div class=\"elementor-element elementor-element-23f9ec2 e-con-full e-flex e-con e-child\" data-id=\"23f9ec2\" data-element_type=\"container\">\n\t\t\t\t<div class=\"elementor-element elementor-element-79a1c4f elementor-widget elementor-widget-heading\" data-id=\"79a1c4f\" data-element_type=\"widget\" data-widget_type=\"heading.default\">\n\t\t\t\t\t<h2 class=\"elementor-heading-title elementor-size-default\">CDH e acesso a Justi\u00e7a<\/h2>\t\t\t\t<\/div>\n\t\t\t\t<div class=\"elementor-element elementor-element-61c2915 elementor-widget elementor-widget-text-editor\" data-id=\"61c2915\" data-element_type=\"widget\" data-widget_type=\"text-editor.default\">\n\t\t\t\t\t\t\t\t\t<p>Por: Gabriela, J\u00falia e Tha\u00eds<\/p>\t\t\t\t\t\t\t\t<\/div>\n\t\t\t\t<div class=\"elementor-element elementor-element-afa6c75 elementor-widget elementor-widget-image\" data-id=\"afa6c75\" data-element_type=\"widget\" data-widget_type=\"image.default\">\n\t\t\t\t\t\t\t\t\t\t\t\t\t\t\t\t<a href=\"https:\/\/cdh.franca.unesp.br\/wp-content\/uploads\/2025\/11\/Gabriela-Julia-e-Thais-CDH-e-acesso-a-justica-1.pdf\" target=\"_blank\">\n\t\t\t\t\t\t\t<img fetchpriority=\"high\" decoding=\"async\" width=\"512\" height=\"512\" src=\"https:\/\/cdh.franca.unesp.br\/wp-content\/uploads\/2025\/11\/pdf.png\" class=\"attachment-large size-large wp-image-226\" alt=\"\" srcset=\"https:\/\/cdh.franca.unesp.br\/wp-content\/uploads\/2025\/11\/pdf.png 512w, https:\/\/cdh.franca.unesp.br\/wp-content\/uploads\/2025\/11\/pdf-300x300.png 300w, https:\/\/cdh.franca.unesp.br\/wp-content\/uploads\/2025\/11\/pdf-150x150.png 150w\" sizes=\"(max-width: 512px) 100vw, 512px\" \/>\t\t\t\t\t\t\t\t<\/a>\n\t\t\t\t\t\t\t\t\t\t\t\t\t\t\t<\/div>\n\t\t\t\t<\/div>\n\t\t<div class=\"elementor-element elementor-element-d79aecc e-con-full e-flex e-con e-child\" data-id=\"d79aecc\" data-element_type=\"container\">\n\t\t\t\t<div class=\"elementor-element elementor-element-9f4e581 elementor-widget elementor-widget-heading\" data-id=\"9f4e581\" data-element_type=\"widget\" data-widget_type=\"heading.default\">\n\t\t\t\t\t<h2 class=\"elementor-heading-title elementor-size-default\">Amicus Curiae<\/h2>\t\t\t\t<\/div>\n\t\t\t\t<div class=\"elementor-element elementor-element-ee8e314 elementor-widget elementor-widget-text-editor\" data-id=\"ee8e314\" data-element_type=\"widget\" data-widget_type=\"text-editor.default\">\n\t\t\t\t\t\t\t\t\t<p>Por: Giuliano, Laura e Lucas<\/p>\t\t\t\t\t\t\t\t<\/div>\n\t\t\t\t<div class=\"elementor-element elementor-element-67d24c2 elementor-widget elementor-widget-image\" data-id=\"67d24c2\" data-element_type=\"widget\" data-widget_type=\"image.default\">\n\t\t\t\t\t\t\t\t\t\t\t\t\t\t\t\t<a href=\"https:\/\/cdh.franca.unesp.br\/wp-content\/uploads\/2025\/11\/Giuliano-Laura-e-Lucas-Amicus-Curiae.pdf\" target=\"_blank\">\n\t\t\t\t\t\t\t<img fetchpriority=\"high\" decoding=\"async\" width=\"512\" height=\"512\" src=\"https:\/\/cdh.franca.unesp.br\/wp-content\/uploads\/2025\/11\/pdf.png\" class=\"attachment-large size-large wp-image-226\" alt=\"\" srcset=\"https:\/\/cdh.franca.unesp.br\/wp-content\/uploads\/2025\/11\/pdf.png 512w, https:\/\/cdh.franca.unesp.br\/wp-content\/uploads\/2025\/11\/pdf-300x300.png 300w, https:\/\/cdh.franca.unesp.br\/wp-content\/uploads\/2025\/11\/pdf-150x150.png 150w\" sizes=\"(max-width: 512px) 100vw, 512px\" \/>\t\t\t\t\t\t\t\t<\/a>\n\t\t\t\t\t\t\t\t\t\t\t\t\t\t\t<\/div>\n\t\t\t\t<\/div>\n\t\t<div class=\"elementor-element elementor-element-5b2814c e-con-full e-flex e-con e-child\" data-id=\"5b2814c\" data-element_type=\"container\">\n\t\t\t\t<div class=\"elementor-element elementor-element-760f122 elementor-widget elementor-widget-heading\" data-id=\"760f122\" data-element_type=\"widget\" data-widget_type=\"heading.default\">\n\t\t\t\t\t<h2 class=\"elementor-heading-title elementor-size-default\">Materiais acessi\u0301veis<\/h2>\t\t\t\t<\/div>\n\t\t\t\t<div class=\"elementor-element elementor-element-a784251 elementor-widget elementor-widget-text-editor\" data-id=\"a784251\" data-element_type=\"widget\" data-widget_type=\"text-editor.default\">\n\t\t\t\t\t\t\t\t\t<p>Por: Lucas, Pedro e Tain\u00e1<\/p>\t\t\t\t\t\t\t\t<\/div>\n\t\t\t\t<div class=\"elementor-element elementor-element-73e0c14 elementor-widget elementor-widget-image\" data-id=\"73e0c14\" data-element_type=\"widget\" data-widget_type=\"image.default\">\n\t\t\t\t\t\t\t\t\t\t\t\t\t\t\t\t<a href=\"https:\/\/cdh.franca.unesp.br\/wp-content\/uploads\/2025\/11\/Lucas-Pedro-e-Taina-Materiais-acessiveis.pdf\" target=\"_blank\">\n\t\t\t\t\t\t\t<img fetchpriority=\"high\" decoding=\"async\" width=\"512\" height=\"512\" src=\"https:\/\/cdh.franca.unesp.br\/wp-content\/uploads\/2025\/11\/pdf.png\" class=\"attachment-large size-large wp-image-226\" alt=\"\" srcset=\"https:\/\/cdh.franca.unesp.br\/wp-content\/uploads\/2025\/11\/pdf.png 512w, https:\/\/cdh.franca.unesp.br\/wp-content\/uploads\/2025\/11\/pdf-300x300.png 300w, https:\/\/cdh.franca.unesp.br\/wp-content\/uploads\/2025\/11\/pdf-150x150.png 150w\" sizes=\"(max-width: 512px) 100vw, 512px\" \/>\t\t\t\t\t\t\t\t<\/a>\n\t\t\t\t\t\t\t\t\t\t\t\t\t\t\t<\/div>\n\t\t\t\t<\/div>\n\t\t\t\t\t<\/div>\n\t\t\t\t<\/div>\n\t\t\t\t<\/div>\n\t\t","protected":false},"excerpt":{"rendered":"<p>Textos CDH e acesso a Justi\u00e7a Por: Gabriela, J\u00falia e Tha\u00eds Amicus Curiae Por: Giuliano, Laura e Lucas Materiais acessi\u0301veis Por: Lucas, Pedro e Tain\u00e1<\/p>\n","protected":false},"author":1,"featured_media":0,"parent":0,"menu_order":0,"comment_status":"closed","ping_status":"closed","template":"","meta":{"footnotes":""},"class_list":["post-480","page","type-page","status-publish","hentry"],"_links":{"self":[{"href":"https:\/\/cdh.franca.unesp.br\/index.php?rest_route=\/wp\/v2\/pages\/480","targetHints":{"allow":["GET"]}}],"collection":[{"href":"https:\/\/cdh.franca.unesp.br\/index.php?rest_route=\/wp\/v2\/pages"}],"about":[{"href":"https:\/\/cdh.franca.unesp.br\/index.php?rest_route=\/wp\/v2\/types\/page"}],"author":[{"embeddable":true,"href":"https:\/\/cdh.franca.unesp.br\/index.php?rest_route=\/wp\/v2\/users\/1"}],"replies":[{"embeddable":true,"href":"https:\/\/cdh.franca.unesp.br\/index.php?rest_route=%2Fwp%2Fv2%2Fcomments&post=480"}],"version-history":[{"count":0,"href":"https:\/\/cdh.franca.unesp.br\/index.php?rest_route=\/wp\/v2\/pages\/480\/revisions"}],"wp:attachment":[{"href":"https:\/\/cdh.franca.unesp.br\/index.php?rest_route=%2Fwp%2Fv2%2Fmedia&parent=480"}],"curies":[{"name":"wp","href":"https:\/\/api.w.org\/{rel}","templated":true}]}}