{"id":233,"date":"2025-11-19T14:42:58","date_gmt":"2025-11-19T14:42:58","guid":{"rendered":"https:\/\/powderblue-hawk-729619.hostingersite.com\/?page_id=233"},"modified":"2025-11-19T18:47:06","modified_gmt":"2025-11-19T18:47:06","slug":"parceiros","status":"publish","type":"page","link":"https:\/\/cdh.franca.unesp.br\/?page_id=233","title":{"rendered":"Parceiros"},"content":{"rendered":"\t\t<div data-elementor-type=\"wp-page\" data-elementor-id=\"233\" class=\"elementor elementor-233\" data-elementor-post-type=\"page\">\n\t\t\t\t<div class=\"elementor-element elementor-element-92daa5e e-flex e-con-boxed e-con e-parent\" data-id=\"92daa5e\" data-element_type=\"container\">\n\t\t\t\t\t<div class=\"e-con-inner\">\n\t\t<div class=\"elementor-element elementor-element-4733af5 e-con-full e-flex e-con e-child\" data-id=\"4733af5\" data-element_type=\"container\">\n\t\t\t\t<div class=\"elementor-element elementor-element-70f7834 elementor-widget elementor-widget-heading\" data-id=\"70f7834\" data-element_type=\"widget\" data-widget_type=\"heading.default\">\n\t\t\t\t\t<h2 class=\"elementor-heading-title elementor-size-default\">Parceiros<\/h2>\t\t\t\t<\/div>\n\t\t\t\t<div class=\"elementor-element elementor-element-45fb22e elementor-widget elementor-widget-heading\" data-id=\"45fb22e\" data-element_type=\"widget\" data-widget_type=\"heading.default\">\n\t\t\t\t\t<h2 class=\"elementor-heading-title elementor-size-default\">Defensoria P\u00fablica do Estado de S\u00e3o Paulo<\/h2>\t\t\t\t<\/div>\n\t\t\t\t<div class=\"elementor-element elementor-element-aebb6d0 elementor-widget elementor-widget-image\" data-id=\"aebb6d0\" data-element_type=\"widget\" data-widget_type=\"image.default\">\n\t\t\t\t\t\t\t\t\t\t\t\t\t\t\t<img fetchpriority=\"high\" decoding=\"async\" width=\"500\" height=\"500\" src=\"https:\/\/cdh.franca.unesp.br\/wp-content\/uploads\/2025\/11\/Cores-1.png\" class=\"attachment-large size-large wp-image-236\" alt=\"\" srcset=\"https:\/\/cdh.franca.unesp.br\/wp-content\/uploads\/2025\/11\/Cores-1.png 500w, https:\/\/cdh.franca.unesp.br\/wp-content\/uploads\/2025\/11\/Cores-1-300x300.png 300w, https:\/\/cdh.franca.unesp.br\/wp-content\/uploads\/2025\/11\/Cores-1-150x150.png 150w\" sizes=\"(max-width: 500px) 100vw, 500px\" \/>\t\t\t\t\t\t\t\t\t\t\t\t\t\t\t<\/div>\n\t\t\t\t<div class=\"elementor-element elementor-element-545c4a4 elementor-widget elementor-widget-text-editor\" data-id=\"545c4a4\" data-element_type=\"widget\" data-widget_type=\"text-editor.default\">\n\t\t\t\t\t\t\t\t\t<p>A Defensoria P\u00fablica de S\u00e3o Paulo, criada pela Lei Complementar Estadual n\u00ba 988, de 09 de janeiro de 2006, \u00e9 a institui\u00e7\u00e3o p\u00fablica que tem como atribui\u00e7\u00e3o, por mandamento constitucional, prestar assist\u00eancia jur\u00eddica integral e gratuita aos carentes de recursos financeiros. A presta\u00e7\u00e3o de assist\u00eancia jur\u00eddica pela Defensoria P\u00fablica do Estado tem sido realizada de forma direta, por meio de Defensores P\u00fablicos e, considerando o n\u00famero ainda reduzido destes profissionais frente \u00e0 demanda, de forma suplementar por meio dos ajustes.<\/p><p>No caso espec\u00edfico da CDH, a parceria tem como objeto a conjuga\u00e7\u00e3o de esfor\u00e7os visando ao apoio t\u00e9cnico m\u00fatuo e \u00e0 coopera\u00e7\u00e3o t\u00e9cnico-cient\u00edfica, por meio de articula\u00e7\u00e3o e troca de conhecimentos, informa\u00e7\u00f5es e experi\u00eancias para elabora\u00e7\u00e3o, avalia\u00e7\u00e3o e revis\u00e3o de pol\u00edticas p\u00fablicas, bem como por meio de aproxima\u00e7\u00e3o com a sociedade civil, de forma a contribuir para a promo\u00e7\u00e3o dos direitos humanos de grupos vulner\u00e1veis e a fornecer subs\u00eddios para a\u00e7\u00f5es de m\u00fatuo e estrat\u00e9gico interesse, na forma do Plano de Trabalho.<\/p>\t\t\t\t\t\t\t\t<\/div>\n\t\t\t\t<div class=\"elementor-element elementor-element-9100d9e elementor-widget elementor-widget-heading\" data-id=\"9100d9e\" data-element_type=\"widget\" data-widget_type=\"heading.default\">\n\t\t\t\t\t<h2 class=\"elementor-heading-title elementor-size-default\"><p dir=\"ltr\" style=\"line-height: 1.38;margin-top: 0pt;margin-bottom: 0pt\">DeMuS - Grupo de Estudos e Pesquisa em Direito e Mudan\u00e7a Social<\/p><\/h2>\t\t\t\t<\/div>\n\t\t\t\t<div class=\"elementor-element elementor-element-86df4b6 elementor-widget elementor-widget-image\" data-id=\"86df4b6\" data-element_type=\"widget\" data-widget_type=\"image.default\">\n\t\t\t\t\t\t\t\t\t\t\t\t\t\t\t<img decoding=\"async\" width=\"500\" height=\"500\" src=\"https:\/\/cdh.franca.unesp.br\/wp-content\/uploads\/2025\/11\/Demus-logo.png\" class=\"attachment-large size-large wp-image-241\" alt=\"\" srcset=\"https:\/\/cdh.franca.unesp.br\/wp-content\/uploads\/2025\/11\/Demus-logo.png 500w, https:\/\/cdh.franca.unesp.br\/wp-content\/uploads\/2025\/11\/Demus-logo-300x300.png 300w, https:\/\/cdh.franca.unesp.br\/wp-content\/uploads\/2025\/11\/Demus-logo-150x150.png 150w\" sizes=\"(max-width: 500px) 100vw, 500px\" \/>\t\t\t\t\t\t\t\t\t\t\t\t\t\t\t<\/div>\n\t\t\t\t<div class=\"elementor-element elementor-element-9056510 elementor-widget elementor-widget-text-editor\" data-id=\"9056510\" data-element_type=\"widget\" data-widget_type=\"text-editor.default\">\n\t\t\t\t\t\t\t\t\t<p>O Grupo de Estudos e Pesquisa em Direito e Mudan\u00e7a Social &#8211; DeMus da UNESP, liderado pelo Prof. Dr. Agnaldo de Sousa Barbosa e pela Prof. Dra. Fernanda de Castro, estava alicer\u00e7ado nas linhas de pesquisa &#8220;Movimentos Sociais, Direito e Mudan\u00e7a Social&#8221; e &#8220;Institui\u00e7\u00f5es, Pol\u00edticas P\u00fablicas, Direito e Mudan\u00e7a Social&#8221;. O objetivo do Grupo \u00e9 o estudo e difus\u00e3o do conhecimento cient\u00edfico acerca da Mobiliza\u00e7\u00e3o Social do Direito como uma ferramenta para a efetiva\u00e7\u00e3o de direitos e garantias fundamentais.<\/p>\t\t\t\t\t\t\t\t<\/div>\n\t\t\t\t<div class=\"elementor-element elementor-element-5e59415 elementor-widget elementor-widget-heading\" data-id=\"5e59415\" data-element_type=\"widget\" data-widget_type=\"heading.default\">\n\t\t\t\t\t<h2 class=\"elementor-heading-title elementor-size-default\">GEPAV - Grupo de Estudos e Pesquisas em Acesso \u00e0 Justi\u00e7a e Vulnerabilidades<\/h2>\t\t\t\t<\/div>\n\t\t\t\t<div class=\"elementor-element elementor-element-3b9dcba elementor-widget elementor-widget-text-editor\" data-id=\"3b9dcba\" data-element_type=\"widget\" data-widget_type=\"text-editor.default\">\n\t\t\t\t\t\t\t\t\t<p>O GEPAV \u00e9 um grupo de estudos certificado pelo CNPQ, sob a lideran\u00e7a da Profa. Dra. Tha\u00eds Amoroso Paschoal, que tem por objetivo servir de espa\u00e7o ao di\u00e1logo e ao desenvolvimento de pesquisas que possam repercutir na supera\u00e7\u00e3o de problemas ao acesso \u00e0 justi\u00e7a, viabilizando a tutela adequada de direitos de grupos vulner\u00e1veis. Parte-se da premissa de que a realiza\u00e7\u00e3o do acesso \u00e0 justi\u00e7a depende da promo\u00e7\u00e3o de diversas formas de acessibilidades diretamente ligadas a transforma\u00e7\u00f5es sociais, pol\u00edticas e econ\u00f4micas que criam as condi\u00e7\u00f5es para o aumento da desigualdade estruturais e de vulnerabilidades, e a partir da pauta redistributiva do acesso \u00e0 justi\u00e7a.<\/p><div>\u00a0<\/div>\t\t\t\t\t\t\t\t<\/div>\n\t\t\t\t<div class=\"elementor-element elementor-element-d02cfa2 elementor-widget elementor-widget-heading\" data-id=\"d02cfa2\" data-element_type=\"widget\" data-widget_type=\"heading.default\">\n\t\t\t\t\t<h2 class=\"elementor-heading-title elementor-size-default\">N\u00facleo de Pr\u00e1tica Jur\u00eddica da FCHS - UNESP\/Franca<\/h2>\t\t\t\t<\/div>\n\t\t\t\t<div class=\"elementor-element elementor-element-f22514f elementor-widget elementor-widget-text-editor\" data-id=\"f22514f\" data-element_type=\"widget\" data-widget_type=\"text-editor.default\">\n\t\t\t\t\t\t\t\t\t<p><span style=\"color: #222222; font-family: Arial, sans-serif;\"><span style=\"white-space-collapse: preserve;\">O N\u00facleo de Pr\u00e1tica Jur\u00eddica da Faculdade de Ci\u00eancias Humanas e Sociais, UNESP, Campus de Franca, \u00e9 o \u00f3rg\u00e3o que coordena e executa as atividades de pr\u00e1tica no \u00e2mbito do curso de Direito. As atividades possibilitam a pr\u00e1tica da responsabilidade social de proporcionar servi\u00e7os jur\u00eddicos gratuitos a pessoas em situa\u00e7\u00e3o de vulnerabilidade social, al\u00e9m de prestar apoio a pol\u00edticas p\u00fablicas do sistema de justi\u00e7a na resolu\u00e7\u00e3o de conflitos. <\/span><\/span><\/p>\t\t\t\t\t\t\t\t<\/div>\n\t\t\t\t<\/div>\n\t\t\t\t\t<\/div>\n\t\t\t\t<\/div>\n\t\t\t\t<\/div>\n\t\t","protected":false},"excerpt":{"rendered":"<p>Parceiros Defensoria P\u00fablica do Estado de S\u00e3o Paulo A Defensoria P\u00fablica de S\u00e3o Paulo, criada pela Lei Complementar Estadual n\u00ba 988, de 09 de janeiro de 2006, \u00e9 a institui\u00e7\u00e3o p\u00fablica que tem como atribui\u00e7\u00e3o, por mandamento constitucional, prestar assist\u00eancia jur\u00eddica integral e gratuita aos carentes de recursos financeiros. A presta\u00e7\u00e3o de assist\u00eancia jur\u00eddica pela [&hellip;]<\/p>\n","protected":false},"author":2,"featured_media":0,"parent":0,"menu_order":0,"comment_status":"closed","ping_status":"closed","template":"","meta":{"footnotes":""},"class_list":["post-233","page","type-page","status-publish","hentry"],"_links":{"self":[{"href":"https:\/\/cdh.franca.unesp.br\/index.php?rest_route=\/wp\/v2\/pages\/233","targetHints":{"allow":["GET"]}}],"collection":[{"href":"https:\/\/cdh.franca.unesp.br\/index.php?rest_route=\/wp\/v2\/pages"}],"about":[{"href":"https:\/\/cdh.franca.unesp.br\/index.php?rest_route=\/wp\/v2\/types\/page"}],"author":[{"embeddable":true,"href":"https:\/\/cdh.franca.unesp.br\/index.php?rest_route=\/wp\/v2\/users\/2"}],"replies":[{"embeddable":true,"href":"https:\/\/cdh.franca.unesp.br\/index.php?rest_route=%2Fwp%2Fv2%2Fcomments&post=233"}],"version-history":[{"count":0,"href":"https:\/\/cdh.franca.unesp.br\/index.php?rest_route=\/wp\/v2\/pages\/233\/revisions"}],"wp:attachment":[{"href":"https:\/\/cdh.franca.unesp.br\/index.php?rest_route=%2Fwp%2Fv2%2Fmedia&parent=233"}],"curies":[{"name":"wp","href":"https:\/\/api.w.org\/{rel}","templated":true}]}}