{"id":21,"date":"2025-11-14T12:48:19","date_gmt":"2025-11-14T12:48:19","guid":{"rendered":"https:\/\/powderblue-hawk-729619.hostingersite.com\/?page_id=21"},"modified":"2025-11-19T18:32:29","modified_gmt":"2025-11-19T18:32:29","slug":"midias-e-canais","status":"publish","type":"page","link":"https:\/\/cdh.franca.unesp.br\/?page_id=21","title":{"rendered":"M\u00eddias e Canais"},"content":{"rendered":"\t\t<div data-elementor-type=\"wp-page\" data-elementor-id=\"21\" class=\"elementor elementor-21\" data-elementor-post-type=\"page\">\n\t\t\t\t<div class=\"elementor-element elementor-element-f139ceb e-flex e-con-boxed e-con e-parent\" data-id=\"f139ceb\" data-element_type=\"container\">\n\t\t\t\t\t<div class=\"e-con-inner\">\n\t\t<div class=\"elementor-element elementor-element-2ddc45a e-con-full e-flex e-con e-child\" data-id=\"2ddc45a\" data-element_type=\"container\">\n\t\t\t\t<div class=\"elementor-element elementor-element-1f18598 elementor-widget elementor-widget-heading\" data-id=\"1f18598\" data-element_type=\"widget\" data-widget_type=\"heading.default\">\n\t\t\t\t\t<h2 class=\"elementor-heading-title elementor-size-default\">M\u00eddias e Canais<\/h2>\t\t\t\t<\/div>\n\t\t\t\t<div class=\"elementor-element elementor-element-6267ec9 elementor-widget elementor-widget-heading\" data-id=\"6267ec9\" data-element_type=\"widget\" data-widget_type=\"heading.default\">\n\t\t\t\t\t<h2 class=\"elementor-heading-title elementor-size-default\">Podcast \"Acesso para quem?\"<\/h2>\t\t\t\t<\/div>\n\t\t\t\t<div class=\"elementor-element elementor-element-5ea610a elementor-widget elementor-widget-text-editor\" data-id=\"5ea610a\" data-element_type=\"widget\" data-widget_type=\"text-editor.default\">\n\t\t\t\t\t\t\t\t\t<p>Criado em 2025, para discuss\u00e3o de temas ligados \u00e0s atividades da CDH, com o intuito de difundir o conhecimento sobre o projeto e sobre o acesso \u00e0 justi\u00e7a de grupos vulnerabilizados. Os epis\u00f3dios s\u00e3o sempre constru\u00eddos a partir do di\u00e1logo com os parceiros e a comunidade, em tem\u00e1ticas ligadas \u00e0s a\u00e7\u00f5es desenvolvidas na CDH.<\/p><div>\u00a0<\/div>\t\t\t\t\t\t\t\t<\/div>\n\t\t\t\t<\/div>\n\t\t\t\t\t<\/div>\n\t\t\t\t<\/div>\n\t\t<div class=\"elementor-element elementor-element-dc18b78 e-flex e-con-boxed e-con e-parent\" data-id=\"dc18b78\" data-element_type=\"container\">\n\t\t\t\t\t<div class=\"e-con-inner\">\n\t\t\t\t<div class=\"elementor-element elementor-element-366a6c9 elementor-widget elementor-widget-html\" data-id=\"366a6c9\" data-element_type=\"widget\" data-widget_type=\"html.default\">\n\t\t\t\t\t<iframe data-testid=\"embed-iframe\" style=\"border-radius:12px\" src=\"https:\/\/open.spotify.com\/embed\/show\/5UQSxZN7OAOfHDNq7k0Bbz\/video?utm_source=generator\" width=\"624\" height=\"351\" frameBorder=\"0\" allowfullscreen=\"\" allow=\"autoplay; clipboard-write; encrypted-media; fullscreen; picture-in-picture\" loading=\"lazy\"><\/iframe>\t\t\t\t<\/div>\n\t\t\t\t<div class=\"elementor-element elementor-element-310b518 elementor-widget elementor-widget-heading\" data-id=\"310b518\" data-element_type=\"widget\" data-widget_type=\"heading.default\">\n\t\t\t\t\t<h2 class=\"elementor-heading-title elementor-size-default\">Youtube<\/h2>\t\t\t\t<\/div>\n\t\t<div class=\"elementor-element elementor-element-5c61a46 e-con-full e-flex e-con e-child\" data-id=\"5c61a46\" data-element_type=\"container\">\n\t\t<div class=\"elementor-element elementor-element-0318756 e-con-full e-flex e-con e-child\" data-id=\"0318756\" data-element_type=\"container\">\n\t\t\t\t<div class=\"elementor-element elementor-element-9d653db elementor-widget elementor-widget-html\" data-id=\"9d653db\" data-element_type=\"widget\" data-widget_type=\"html.default\">\n\t\t\t\t\t<iframe width=\"560\" height=\"315\" src=\"https:\/\/www.youtube.com\/embed\/6OhgbmxQpjo?si=QUz7Xy_YbNA-jzk8\" title=\"YouTube video player\" frameborder=\"0\" allow=\"accelerometer; autoplay; clipboard-write; encrypted-media; gyroscope; picture-in-picture; web-share\" referrerpolicy=\"strict-origin-when-cross-origin\" allowfullscreen><\/iframe>\t\t\t\t<\/div>\n\t\t\t\t<\/div>\n\t\t<div class=\"elementor-element elementor-element-c86fc46 e-con-full e-flex e-con e-child\" data-id=\"c86fc46\" data-element_type=\"container\">\n\t\t\t\t<div class=\"elementor-element elementor-element-7397590 elementor-widget elementor-widget-html\" data-id=\"7397590\" data-element_type=\"widget\" data-widget_type=\"html.default\">\n\t\t\t\t\t<iframe width=\"560\" height=\"315\" src=\"https:\/\/www.youtube.com\/embed\/VKR5PHM3yuQ?si=_rEd46GhS52c4V3-\" title=\"YouTube video player\" frameborder=\"0\" allow=\"accelerometer; autoplay; clipboard-write; encrypted-media; gyroscope; picture-in-picture; web-share\" referrerpolicy=\"strict-origin-when-cross-origin\" allowfullscreen><\/iframe>\t\t\t\t<\/div>\n\t\t\t\t<\/div>\n\t\t\t\t<\/div>\n\t\t<div class=\"elementor-element elementor-element-ce48210 e-con-full e-flex e-con e-child\" data-id=\"ce48210\" data-element_type=\"container\">\n\t\t<div class=\"elementor-element elementor-element-7e21f8c e-con-full e-flex e-con e-child\" data-id=\"7e21f8c\" data-element_type=\"container\">\n\t\t\t\t<div class=\"elementor-element elementor-element-d3d650c elementor-widget elementor-widget-html\" data-id=\"d3d650c\" data-element_type=\"widget\" data-widget_type=\"html.default\">\n\t\t\t\t\t<iframe width=\"560\" height=\"315\" src=\"https:\/\/www.youtube.com\/embed\/ftDdi94-6DQ?si=133E07AplcmKfpMV\" title=\"YouTube video player\" frameborder=\"0\" allow=\"accelerometer; autoplay; clipboard-write; encrypted-media; gyroscope; picture-in-picture; web-share\" referrerpolicy=\"strict-origin-when-cross-origin\" allowfullscreen><\/iframe>\t\t\t\t<\/div>\n\t\t\t\t<\/div>\n\t\t<div class=\"elementor-element elementor-element-96759a7 e-con-full e-flex e-con e-child\" data-id=\"96759a7\" data-element_type=\"container\">\n\t\t\t\t<div class=\"elementor-element elementor-element-8b293f9 elementor-widget elementor-widget-html\" data-id=\"8b293f9\" data-element_type=\"widget\" data-widget_type=\"html.default\">\n\t\t\t\t\t<iframe width=\"560\" height=\"315\" src=\"https:\/\/www.youtube.com\/embed\/qs1UtZp2F8Q?si=jpCgac5QmZ-IfUJP\" title=\"YouTube video player\" frameborder=\"0\" allow=\"accelerometer; autoplay; clipboard-write; encrypted-media; gyroscope; picture-in-picture; web-share\" referrerpolicy=\"strict-origin-when-cross-origin\" allowfullscreen><\/iframe>\t\t\t\t<\/div>\n\t\t\t\t<\/div>\n\t\t\t\t<\/div>\n\t\t\t\t\t<\/div>\n\t\t\t\t<\/div>\n\t\t\t\t<\/div>\n\t\t","protected":false},"excerpt":{"rendered":"<p>M\u00eddias e Canais Podcast &#8220;Acesso para quem?&#8221; Criado em 2025, para discuss\u00e3o de temas ligados \u00e0s atividades da CDH, com o intuito de difundir o conhecimento sobre o projeto e sobre o acesso \u00e0 justi\u00e7a de grupos vulnerabilizados. Os epis\u00f3dios s\u00e3o sempre constru\u00eddos a partir do di\u00e1logo com os parceiros e a comunidade, em tem\u00e1ticas [&hellip;]<\/p>\n","protected":false},"author":1,"featured_media":0,"parent":0,"menu_order":0,"comment_status":"closed","ping_status":"closed","template":"","meta":{"footnotes":""},"class_list":["post-21","page","type-page","status-publish","hentry"],"_links":{"self":[{"href":"https:\/\/cdh.franca.unesp.br\/index.php?rest_route=\/wp\/v2\/pages\/21","targetHints":{"allow":["GET"]}}],"collection":[{"href":"https:\/\/cdh.franca.unesp.br\/index.php?rest_route=\/wp\/v2\/pages"}],"about":[{"href":"https:\/\/cdh.franca.unesp.br\/index.php?rest_route=\/wp\/v2\/types\/page"}],"author":[{"embeddable":true,"href":"https:\/\/cdh.franca.unesp.br\/index.php?rest_route=\/wp\/v2\/users\/1"}],"replies":[{"embeddable":true,"href":"https:\/\/cdh.franca.unesp.br\/index.php?rest_route=%2Fwp%2Fv2%2Fcomments&post=21"}],"version-history":[{"count":0,"href":"https:\/\/cdh.franca.unesp.br\/index.php?rest_route=\/wp\/v2\/pages\/21\/revisions"}],"wp:attachment":[{"href":"https:\/\/cdh.franca.unesp.br\/index.php?rest_route=%2Fwp%2Fv2%2Fmedia&parent=21"}],"curies":[{"name":"wp","href":"https:\/\/api.w.org\/{rel}","templated":true}]}}