{"id":197,"date":"2025-11-19T13:25:06","date_gmt":"2025-11-19T13:25:06","guid":{"rendered":"https:\/\/powderblue-hawk-729619.hostingersite.com\/?page_id=197"},"modified":"2025-11-19T18:33:11","modified_gmt":"2025-11-19T18:33:11","slug":"projetos","status":"publish","type":"page","link":"https:\/\/cdh.franca.unesp.br\/?page_id=197","title":{"rendered":"Projetos"},"content":{"rendered":"\t\t<div data-elementor-type=\"wp-page\" data-elementor-id=\"197\" class=\"elementor elementor-197\" data-elementor-post-type=\"page\">\n\t\t\t\t<div class=\"elementor-element elementor-element-92daa5e e-flex e-con-boxed e-con e-parent\" data-id=\"92daa5e\" data-element_type=\"container\">\n\t\t\t\t\t<div class=\"e-con-inner\">\n\t\t<div class=\"elementor-element elementor-element-4733af5 e-con-full e-flex e-con e-child\" data-id=\"4733af5\" data-element_type=\"container\">\n\t\t\t\t<div class=\"elementor-element elementor-element-70f7834 elementor-widget elementor-widget-heading\" data-id=\"70f7834\" data-element_type=\"widget\" data-widget_type=\"heading.default\">\n\t\t\t\t\t<h2 class=\"elementor-heading-title elementor-size-default\">Projetos<\/h2>\t\t\t\t<\/div>\n\t\t<div class=\"elementor-element elementor-element-ad4e4a8 e-con-full e-flex e-con e-child\" data-id=\"ad4e4a8\" data-element_type=\"container\">\n\t\t\t\t<div class=\"elementor-element elementor-element-95d86a8 elementor-arrows-position-inside elementor-pagination-position-outside elementor-widget elementor-widget-image-carousel\" data-id=\"95d86a8\" data-element_type=\"widget\" data-settings=\"{&quot;navigation&quot;:&quot;both&quot;,&quot;autoplay&quot;:&quot;yes&quot;,&quot;pause_on_hover&quot;:&quot;yes&quot;,&quot;pause_on_interaction&quot;:&quot;yes&quot;,&quot;autoplay_speed&quot;:5000,&quot;infinite&quot;:&quot;yes&quot;,&quot;speed&quot;:500}\" data-widget_type=\"image-carousel.default\">\n\t\t\t\t\t\t\t<div class=\"elementor-image-carousel-wrapper swiper\" role=\"region\" aria-roledescription=\"carousel\" aria-label=\"Carrossel de imagens\" dir=\"ltr\">\n\t\t\t<div class=\"elementor-image-carousel swiper-wrapper\" aria-live=\"off\">\n\t\t\t\t\t\t\t\t<div class=\"swiper-slide\" role=\"group\" aria-roledescription=\"slide\" aria-label=\"1 de 7\"><figure class=\"swiper-slide-inner\"><img decoding=\"async\" class=\"swiper-slide-image\" src=\"https:\/\/cdh.franca.unesp.br\/wp-content\/uploads\/2025\/11\/CDH-Evento-14.jpg\" alt=\"CDH - Evento - 14\" \/><\/figure><\/div><div class=\"swiper-slide\" role=\"group\" aria-roledescription=\"slide\" aria-label=\"2 de 7\"><figure class=\"swiper-slide-inner\"><img decoding=\"async\" class=\"swiper-slide-image\" src=\"https:\/\/cdh.franca.unesp.br\/wp-content\/uploads\/2025\/11\/Cores.png\" alt=\"Cores\" \/><\/figure><\/div><div class=\"swiper-slide\" role=\"group\" aria-roledescription=\"slide\" aria-label=\"3 de 7\"><figure class=\"swiper-slide-inner\"><img decoding=\"async\" class=\"swiper-slide-image\" src=\"https:\/\/cdh.franca.unesp.br\/wp-content\/uploads\/2025\/11\/CDH-Evento-30.jpg\" alt=\"CDH - Evento - 30\" \/><\/figure><\/div><div class=\"swiper-slide\" role=\"group\" aria-roledescription=\"slide\" aria-label=\"4 de 7\"><figure class=\"swiper-slide-inner\"><img decoding=\"async\" class=\"swiper-slide-image\" src=\"https:\/\/cdh.franca.unesp.br\/wp-content\/uploads\/2025\/11\/CDH-Evento-21-scaled.jpg\" alt=\"CDH - Evento - 21\" \/><\/figure><\/div><div class=\"swiper-slide\" role=\"group\" aria-roledescription=\"slide\" aria-label=\"5 de 7\"><figure class=\"swiper-slide-inner\"><img decoding=\"async\" class=\"swiper-slide-image\" src=\"https:\/\/cdh.franca.unesp.br\/wp-content\/uploads\/2025\/11\/CDH-Projeto-02.jpeg\" alt=\"CDH - Projeto - 02\" \/><\/figure><\/div><div class=\"swiper-slide\" role=\"group\" aria-roledescription=\"slide\" aria-label=\"6 de 7\"><figure class=\"swiper-slide-inner\"><img decoding=\"async\" class=\"swiper-slide-image\" src=\"https:\/\/cdh.franca.unesp.br\/wp-content\/uploads\/2025\/11\/CDH-Projeto-13.jpeg\" alt=\"CDH - Projeto - 13\" \/><\/figure><\/div><div class=\"swiper-slide\" role=\"group\" aria-roledescription=\"slide\" aria-label=\"7 de 7\"><figure class=\"swiper-slide-inner\"><img decoding=\"async\" class=\"swiper-slide-image\" src=\"https:\/\/cdh.franca.unesp.br\/wp-content\/uploads\/2025\/11\/CDH-Evento-02.jpeg\" alt=\"CDH - Evento - 02\" \/><\/figure><\/div>\t\t\t<\/div>\n\t\t\t\t\t\t\t\t\t\t\t\t<div class=\"elementor-swiper-button elementor-swiper-button-prev\" role=\"button\" tabindex=\"0\">\n\t\t\t\t\t\t<svg aria-hidden=\"true\" class=\"e-font-icon-svg e-eicon-chevron-left\" viewBox=\"0 0 1000 1000\" xmlns=\"http:\/\/www.w3.org\/2000\/svg\"><path d=\"M646 125C629 125 613 133 604 142L308 442C296 454 292 471 292 487 292 504 296 521 308 533L604 854C617 867 629 875 646 875 663 875 679 871 692 858 704 846 713 829 713 812 713 796 708 779 692 767L438 487 692 225C700 217 708 204 708 187 708 171 704 154 692 142 675 129 663 125 646 125Z\"><\/path><\/svg>\t\t\t\t\t<\/div>\n\t\t\t\t\t<div class=\"elementor-swiper-button elementor-swiper-button-next\" role=\"button\" tabindex=\"0\">\n\t\t\t\t\t\t<svg aria-hidden=\"true\" class=\"e-font-icon-svg e-eicon-chevron-right\" viewBox=\"0 0 1000 1000\" xmlns=\"http:\/\/www.w3.org\/2000\/svg\"><path d=\"M696 533C708 521 713 504 713 487 713 471 708 454 696 446L400 146C388 133 375 125 354 125 338 125 325 129 313 142 300 154 292 171 292 187 292 204 296 221 308 233L563 492 304 771C292 783 288 800 288 817 288 833 296 850 308 863 321 871 338 875 354 875 371 875 388 867 400 854L696 533Z\"><\/path><\/svg>\t\t\t\t\t<\/div>\n\t\t\t\t\n\t\t\t\t\t\t\t\t\t<div class=\"swiper-pagination\"><\/div>\n\t\t\t\t\t\t\t\t\t<\/div>\n\t\t\t\t\t\t<\/div>\n\t\t\t\t<\/div>\n\t\t\t\t<div class=\"elementor-element elementor-element-45fb22e elementor-widget elementor-widget-heading\" data-id=\"45fb22e\" data-element_type=\"widget\" data-widget_type=\"heading.default\">\n\t\t\t\t\t<h2 class=\"elementor-heading-title elementor-size-default\">Observat\u00f3rio de viol\u00eancias<\/h2>\t\t\t\t<\/div>\n\t\t\t\t<div class=\"elementor-element elementor-element-545c4a4 elementor-widget elementor-widget-text-editor\" data-id=\"545c4a4\" data-element_type=\"widget\" data-widget_type=\"text-editor.default\">\n\t\t\t\t\t\t\t\t\t<p>Congrega as a\u00e7\u00f5es voltadas ao levantamento de dados relativos \u00e0s viol\u00eancias e pessoas e grupos vulnerabilizados em Franca, al\u00e9m de pesquisas desenvolvidas, em especial por docentes da FCHS, a respeito do tema.<\/p><p>Os dados obtidos nesse grupo de trabalho orientam as a\u00e7\u00f5es a serem adotadas na CDH juntamente com os grupos vulnerabilizados ou as entidades parceiras.<\/p>\t\t\t\t\t\t\t\t<\/div>\n\t\t\t\t<div class=\"elementor-element elementor-element-9100d9e elementor-widget elementor-widget-heading\" data-id=\"9100d9e\" data-element_type=\"widget\" data-widget_type=\"heading.default\">\n\t\t\t\t\t<h2 class=\"elementor-heading-title elementor-size-default\">Amicus Curiae<\/h2>\t\t\t\t<\/div>\n\t\t\t\t<div class=\"elementor-element elementor-element-9056510 elementor-widget elementor-widget-text-editor\" data-id=\"9056510\" data-element_type=\"widget\" data-widget_type=\"text-editor.default\">\n\t\t\t\t\t\t\t\t\t<p>Essa atividade extensionista tem por objetivo viabilizar a atua\u00e7\u00e3o da CDH, juntamente com institui\u00e7\u00f5es parceiras, como amicus curiae em a\u00e7\u00f5es ou recursos em tr\u00e2mite perante o Tribunal de Justi\u00e7a de S\u00e3o Paulo, Superior Tribunal de Justi\u00e7a, e o Supremo Tribunal Federal, em prol de grupos em situa\u00e7\u00e3o de vulnerabilidade, em a\u00e7\u00f5es e recursos pertinentes a seus interesses, em especial quando ligados \u00e0 concretiza\u00e7\u00e3o de seus direitos fundamentais.<\/p>\t\t\t\t\t\t\t\t<\/div>\n\t\t\t\t<div class=\"elementor-element elementor-element-c67e0d6 elementor-widget elementor-widget-image\" data-id=\"c67e0d6\" data-element_type=\"widget\" data-widget_type=\"image.default\">\n\t\t\t\t\t\t\t\t\t\t\t\t<figure class=\"wp-caption\">\n\t\t\t\t\t\t\t\t\t\t\t<a href=\"https:\/\/cdh.franca.unesp.br\/wp-content\/uploads\/2025\/11\/CDH-e-GEPAV-Manifestacao-amicus-ADPFs-banheiros-1172-v.f.pdf\" target=\"_blank\">\n\t\t\t\t\t\t\t<img fetchpriority=\"high\" decoding=\"async\" width=\"512\" height=\"512\" src=\"https:\/\/cdh.franca.unesp.br\/wp-content\/uploads\/2025\/11\/pdf.png\" class=\"attachment-large size-large wp-image-226\" alt=\"\" srcset=\"https:\/\/cdh.franca.unesp.br\/wp-content\/uploads\/2025\/11\/pdf.png 512w, https:\/\/cdh.franca.unesp.br\/wp-content\/uploads\/2025\/11\/pdf-300x300.png 300w, https:\/\/cdh.franca.unesp.br\/wp-content\/uploads\/2025\/11\/pdf-150x150.png 150w\" sizes=\"(max-width: 512px) 100vw, 512px\" \/>\t\t\t\t\t\t\t\t<\/a>\n\t\t\t\t\t\t\t\t\t\t\t<figcaption class=\"widget-image-caption wp-caption-text\"><\/figcaption>\n\t\t\t\t\t\t\t\t\t\t<\/figure>\n\t\t\t\t\t\t\t\t\t<\/div>\n\t\t\t\t<div class=\"elementor-element elementor-element-5e59415 elementor-widget elementor-widget-heading\" data-id=\"5e59415\" data-element_type=\"widget\" data-widget_type=\"heading.default\">\n\t\t\t\t\t<h2 class=\"elementor-heading-title elementor-size-default\">N\u00facleo de acolhimento, orienta\u00e7\u00e3o e fortalecimento<\/h2>\t\t\t\t<\/div>\n\t\t\t\t<div class=\"elementor-element elementor-element-3b9dcba elementor-widget elementor-widget-text-editor\" data-id=\"3b9dcba\" data-element_type=\"widget\" data-widget_type=\"text-editor.default\">\n\t\t\t\t\t\t\t\t\t<p>Voltado ao desenvolvimento de espa\u00e7os de escuta e acolhimento de grupos vulnerabilizados, com atividades de orienta\u00e7\u00e3o e fortalecimento, a partir de rodas de conversa, workshops, palestras etc.<\/p><p>As rodas de conversa s\u00e3o desenhadas a partir das necessidades expostas pelos grupos vulnerabilizados, viabilizando uma constru\u00e7\u00e3o horizontal das tem\u00e1ticas, eixos e conte\u00fados formativos.<\/p>\t\t\t\t\t\t\t\t<\/div>\n\t\t\t\t<div class=\"elementor-element elementor-element-d02cfa2 elementor-widget elementor-widget-heading\" data-id=\"d02cfa2\" data-element_type=\"widget\" data-widget_type=\"heading.default\">\n\t\t\t\t\t<h2 class=\"elementor-heading-title elementor-size-default\">NAE - N\u00facleo de Apoio Jur\u00eddico Empresarial<\/h2>\t\t\t\t<\/div>\n\t\t\t\t<div class=\"elementor-element elementor-element-f22514f elementor-widget elementor-widget-text-editor\" data-id=\"f22514f\" data-element_type=\"widget\" data-widget_type=\"text-editor.default\">\n\t\t\t\t\t\t\t\t\t<p><span id=\"docs-internal-guid-5f646681-7fff-af3d-7338-feddc0a49e56\"><span style=\"font-size: 12pt; font-family: Arial, sans-serif; color: #222222; background-color: transparent; font-variant-numeric: normal; font-variant-east-asian: normal; font-variant-alternates: normal; font-variant-position: normal; font-variant-emoji: normal; vertical-align: baseline; white-space-collapse: preserve;\">Atividade de extens\u00e3o que tem por objetivo prestar apoio empresarial \u00e0s entidades que atuam em prol de grupos vulnerabilizados em Franca\/SP. Dentre outras atividades, o NAE atua na regulariza\u00e7\u00e3o das entidades, com elabora\u00e7\u00e3o de Estatuto, cria\u00e7\u00e3o de CNPJ e todas as atividades necess\u00e1rias para que essas entidades possam atuar dentro dos seus objetivos.<\/span><\/span><\/p>\t\t\t\t\t\t\t\t<\/div>\n\t\t\t\t<\/div>\n\t\t\t\t\t<\/div>\n\t\t\t\t<\/div>\n\t\t\t\t<\/div>\n\t\t","protected":false},"excerpt":{"rendered":"<p>Projetos Observat\u00f3rio de viol\u00eancias Congrega as a\u00e7\u00f5es voltadas ao levantamento de dados relativos \u00e0s viol\u00eancias e pessoas e grupos vulnerabilizados em Franca, al\u00e9m de pesquisas desenvolvidas, em especial por docentes da FCHS, a respeito do tema. Os dados obtidos nesse grupo de trabalho orientam as a\u00e7\u00f5es a serem adotadas na CDH juntamente com os grupos [&hellip;]<\/p>\n","protected":false},"author":2,"featured_media":0,"parent":0,"menu_order":0,"comment_status":"closed","ping_status":"closed","template":"","meta":{"footnotes":""},"class_list":["post-197","page","type-page","status-publish","hentry"],"_links":{"self":[{"href":"https:\/\/cdh.franca.unesp.br\/index.php?rest_route=\/wp\/v2\/pages\/197","targetHints":{"allow":["GET"]}}],"collection":[{"href":"https:\/\/cdh.franca.unesp.br\/index.php?rest_route=\/wp\/v2\/pages"}],"about":[{"href":"https:\/\/cdh.franca.unesp.br\/index.php?rest_route=\/wp\/v2\/types\/page"}],"author":[{"embeddable":true,"href":"https:\/\/cdh.franca.unesp.br\/index.php?rest_route=\/wp\/v2\/users\/2"}],"replies":[{"embeddable":true,"href":"https:\/\/cdh.franca.unesp.br\/index.php?rest_route=%2Fwp%2Fv2%2Fcomments&post=197"}],"version-history":[{"count":0,"href":"https:\/\/cdh.franca.unesp.br\/index.php?rest_route=\/wp\/v2\/pages\/197\/revisions"}],"wp:attachment":[{"href":"https:\/\/cdh.franca.unesp.br\/index.php?rest_route=%2Fwp%2Fv2%2Fmedia&parent=197"}],"curies":[{"name":"wp","href":"https:\/\/api.w.org\/{rel}","templated":true}]}}