{"id":11,"date":"2025-11-14T12:35:39","date_gmt":"2025-11-14T12:35:39","guid":{"rendered":"https:\/\/powderblue-hawk-729619.hostingersite.com\/?page_id=11"},"modified":"2025-11-27T18:33:14","modified_gmt":"2025-11-27T18:33:14","slug":"pagina-inicial","status":"publish","type":"page","link":"https:\/\/cdh.franca.unesp.br\/","title":{"rendered":"P\u00e1gina Inicial"},"content":{"rendered":"\t\t<div data-elementor-type=\"wp-page\" data-elementor-id=\"11\" class=\"elementor elementor-11\" data-elementor-post-type=\"page\">\n\t\t\t\t<div class=\"elementor-element elementor-element-fa87ae9 elementor-hidden-mobile e-flex e-con-boxed e-con e-parent\" data-id=\"fa87ae9\" data-element_type=\"container\" data-settings=\"{&quot;background_background&quot;:&quot;classic&quot;}\">\n\t\t\t\t\t<div class=\"e-con-inner\">\n\t\t<div class=\"elementor-element elementor-element-d367af7 e-con-full e-flex e-con e-child\" data-id=\"d367af7\" data-element_type=\"container\">\n\t\t\t\t<div class=\"elementor-element elementor-element-4c1d7a3 elementor-widget-mobile__width-auto elementor-widget__width-initial elementor-hidden-mobile elementor-widget elementor-widget-image\" data-id=\"4c1d7a3\" data-element_type=\"widget\" data-widget_type=\"image.default\">\n\t\t\t\t\t\t\t\t\t\t\t\t\t\t\t<img fetchpriority=\"high\" decoding=\"async\" width=\"1042\" height=\"926\" src=\"https:\/\/cdh.franca.unesp.br\/wp-content\/uploads\/2025\/11\/arte-predio.png\" class=\"attachment-full size-full wp-image-111\" alt=\"\" srcset=\"https:\/\/cdh.franca.unesp.br\/wp-content\/uploads\/2025\/11\/arte-predio.png 1042w, https:\/\/cdh.franca.unesp.br\/wp-content\/uploads\/2025\/11\/arte-predio-300x267.png 300w, https:\/\/cdh.franca.unesp.br\/wp-content\/uploads\/2025\/11\/arte-predio-1024x910.png 1024w, https:\/\/cdh.franca.unesp.br\/wp-content\/uploads\/2025\/11\/arte-predio-768x683.png 768w\" sizes=\"(max-width: 1042px) 100vw, 1042px\" \/>\t\t\t\t\t\t\t\t\t\t\t\t\t\t\t<\/div>\n\t\t\t\t<\/div>\n\t\t<div class=\"elementor-element elementor-element-6282438 e-con-full e-flex e-con e-child\" data-id=\"6282438\" data-element_type=\"container\">\n\t\t\t\t<div class=\"elementor-element elementor-element-40ffa18 elementor-widget elementor-widget-heading\" data-id=\"40ffa18\" data-element_type=\"widget\" data-widget_type=\"heading.default\">\n\t\t\t\t\t<h2 class=\"elementor-heading-title elementor-size-default\">Quem somos<\/h2>\t\t\t\t<\/div>\n\t\t\t\t<div class=\"elementor-element elementor-element-bbf51e3 elementor-widget elementor-widget-heading\" data-id=\"bbf51e3\" data-element_type=\"widget\" data-widget_type=\"heading.default\">\n\t\t\t\t\t<h2 class=\"elementor-heading-title elementor-size-default\">Conhe\u00e7a a cl\u00ednica<\/h2>\t\t\t\t<\/div>\n\t\t\t\t<div class=\"elementor-element elementor-element-5c28421 elementor-widget-mobile__width-auto elementor-widget__width-initial elementor-hidden-desktop elementor-hidden-tablet elementor-widget elementor-widget-image\" data-id=\"5c28421\" data-element_type=\"widget\" data-widget_type=\"image.default\">\n\t\t\t\t\t\t\t\t\t\t\t\t\t\t\t<img fetchpriority=\"high\" decoding=\"async\" width=\"1042\" height=\"926\" src=\"https:\/\/cdh.franca.unesp.br\/wp-content\/uploads\/2025\/11\/arte-predio.png\" class=\"attachment-full size-full wp-image-111\" alt=\"\" srcset=\"https:\/\/cdh.franca.unesp.br\/wp-content\/uploads\/2025\/11\/arte-predio.png 1042w, https:\/\/cdh.franca.unesp.br\/wp-content\/uploads\/2025\/11\/arte-predio-300x267.png 300w, https:\/\/cdh.franca.unesp.br\/wp-content\/uploads\/2025\/11\/arte-predio-1024x910.png 1024w, https:\/\/cdh.franca.unesp.br\/wp-content\/uploads\/2025\/11\/arte-predio-768x683.png 768w\" sizes=\"(max-width: 1042px) 100vw, 1042px\" \/>\t\t\t\t\t\t\t\t\t\t\t\t\t\t\t<\/div>\n\t\t\t\t<div class=\"elementor-element elementor-element-76c6538 elementor-widget elementor-widget-text-editor\" data-id=\"76c6538\" data-element_type=\"widget\" data-widget_type=\"text-editor.default\">\n\t\t\t\t\t\t\t\t\t<p>A <b>Cl\u00ednica de Direitos Humanos da UNESP (CDH)<\/b> surgiu no ano de 2025, a partir da expans\u00e3o do Projeto Amicus Curiae \u2013 democratiza\u00e7\u00e3o do acesso \u00e0 justi\u00e7a, desenvolvido em 2024, para contemplar a perspectiva da mobiliza\u00e7\u00e3o social e, neste contexto, contribuir para o fortalecimento de entidades e grupos que representam pessoas em situa\u00e7\u00e3o de vulnerabilidade em Franca\/SP, contando com a participa\u00e7\u00e3o direta dessas pessoas.<\/p><p>Trata-se de Programa de Extens\u00e3o que tem como objetivos principais: a) promover a atua\u00e7\u00e3o coletiva dos estudantes em quest\u00f5es afetas \u00e0 prote\u00e7\u00e3o de direitos humanos de grupos vulner\u00e1veis, mobilizando a sociedade civil para a garantia do acesso \u00e0 justi\u00e7a; b) atuar coletivamente junto aos Poderes Judici\u00e1rio, Executivo e Legislativo, com vistas \u00e0 prote\u00e7\u00e3o dos direitos de grupos vulnerabilizados, seja apoiando os grupos na ado\u00e7\u00e3o de medidas coletivas, seja atuando em conjunto como amicus curiae em a\u00e7\u00f5es e recursos em tr\u00e2mite perante os Tribunais; c) e formar estudantes com vis\u00e3o voltada \u00e0 efetividade do acesso \u00e0 justi\u00e7a, bem como para uma atua\u00e7\u00e3o coletiva em prol de direitos humanos e fundamentais.\u00a0<\/p><p>Para tanto, a metodologia da CDH da FCHS parte de uma constru\u00e7\u00e3o dialogada e horizontal das a\u00e7\u00f5es, definidas em conjunto com os grupos vulner\u00e1veis, as entidades representativas e os parceiros institucionais do projeto, garantindo a horizontalidade e a participa\u00e7\u00e3o ativa dos sujeitos na formula\u00e7\u00e3o das estrat\u00e9gias voltadas \u00e0 concretiza\u00e7\u00e3o do acesso \u00e0 justi\u00e7a.\u00a0<\/p>\t\t\t\t\t\t\t\t<\/div>\n\t\t<div class=\"elementor-element elementor-element-9d357bb e-con-full e-flex e-con e-child\" data-id=\"9d357bb\" data-element_type=\"container\">\n\t\t\t\t<div class=\"elementor-element elementor-element-a86298c elementor-widget__width-initial elementor-widget-mobile__width-initial elementor-widget elementor-widget-image\" data-id=\"a86298c\" data-element_type=\"widget\" data-widget_type=\"image.default\">\n\t\t\t\t\t\t\t\t\t\t\t\t\t\t\t<img decoding=\"async\" width=\"800\" height=\"285\" src=\"https:\/\/cdh.franca.unesp.br\/wp-content\/uploads\/2025\/11\/Logo-Horizontal-Cor-1-1024x365.png\" class=\"attachment-large size-large wp-image-121\" alt=\"\" srcset=\"https:\/\/cdh.franca.unesp.br\/wp-content\/uploads\/2025\/11\/Logo-Horizontal-Cor-1-1024x365.png 1024w, https:\/\/cdh.franca.unesp.br\/wp-content\/uploads\/2025\/11\/Logo-Horizontal-Cor-1-300x107.png 300w, https:\/\/cdh.franca.unesp.br\/wp-content\/uploads\/2025\/11\/Logo-Horizontal-Cor-1-768x274.png 768w, https:\/\/cdh.franca.unesp.br\/wp-content\/uploads\/2025\/11\/Logo-Horizontal-Cor-1-1536x548.png 1536w, https:\/\/cdh.franca.unesp.br\/wp-content\/uploads\/2025\/11\/Logo-Horizontal-Cor-1.png 1645w\" sizes=\"(max-width: 800px) 100vw, 800px\" \/>\t\t\t\t\t\t\t\t\t\t\t\t\t\t\t<\/div>\n\t\t\t\t<div class=\"elementor-element elementor-element-39ef843 elementor-widget elementor-widget-image\" data-id=\"39ef843\" data-element_type=\"widget\" data-widget_type=\"image.default\">\n\t\t\t\t\t\t\t\t\t\t\t\t\t\t\t<img decoding=\"async\" width=\"500\" height=\"200\" src=\"https:\/\/cdh.franca.unesp.br\/wp-content\/uploads\/2025\/11\/logo-unesp.png\" class=\"attachment-large size-large wp-image-123\" alt=\"\" srcset=\"https:\/\/cdh.franca.unesp.br\/wp-content\/uploads\/2025\/11\/logo-unesp.png 500w, https:\/\/cdh.franca.unesp.br\/wp-content\/uploads\/2025\/11\/logo-unesp-300x120.png 300w\" sizes=\"(max-width: 500px) 100vw, 500px\" \/>\t\t\t\t\t\t\t\t\t\t\t\t\t\t\t<\/div>\n\t\t\t\t<\/div>\n\t\t\t\t<\/div>\n\t\t\t\t\t<\/div>\n\t\t\t\t<\/div>\n\t\t<div class=\"elementor-element elementor-element-d1c8d25 elementor-hidden-desktop elementor-hidden-tablet e-flex e-con-boxed e-con e-parent\" data-id=\"d1c8d25\" data-element_type=\"container\">\n\t\t\t\t\t<div class=\"e-con-inner\">\n\t\t<div class=\"elementor-element elementor-element-2988443 e-con-full e-flex e-con e-child\" data-id=\"2988443\" data-element_type=\"container\">\n\t\t\t\t<div class=\"elementor-element elementor-element-75bf712 elementor-widget elementor-widget-heading\" data-id=\"75bf712\" data-element_type=\"widget\" data-widget_type=\"heading.default\">\n\t\t\t\t\t<h2 class=\"elementor-heading-title elementor-size-default\">Quem somos<\/h2>\t\t\t\t<\/div>\n\t\t\t\t<div class=\"elementor-element elementor-element-f150c55 elementor-widget elementor-widget-heading\" data-id=\"f150c55\" data-element_type=\"widget\" data-widget_type=\"heading.default\">\n\t\t\t\t\t<h2 class=\"elementor-heading-title elementor-size-default\">Conhe\u00e7a a cl\u00ednica<\/h2>\t\t\t\t<\/div>\n\t\t\t\t<div class=\"elementor-element elementor-element-c479088 elementor-widget-mobile__width-auto elementor-widget__width-initial elementor-hidden-desktop elementor-hidden-tablet elementor-widget elementor-widget-image\" data-id=\"c479088\" data-element_type=\"widget\" data-widget_type=\"image.default\">\n\t\t\t\t\t\t\t\t\t\t\t\t\t\t\t<img fetchpriority=\"high\" decoding=\"async\" width=\"1042\" height=\"926\" src=\"https:\/\/cdh.franca.unesp.br\/wp-content\/uploads\/2025\/11\/arte-predio.png\" class=\"attachment-full size-full wp-image-111\" alt=\"\" srcset=\"https:\/\/cdh.franca.unesp.br\/wp-content\/uploads\/2025\/11\/arte-predio.png 1042w, https:\/\/cdh.franca.unesp.br\/wp-content\/uploads\/2025\/11\/arte-predio-300x267.png 300w, https:\/\/cdh.franca.unesp.br\/wp-content\/uploads\/2025\/11\/arte-predio-1024x910.png 1024w, https:\/\/cdh.franca.unesp.br\/wp-content\/uploads\/2025\/11\/arte-predio-768x683.png 768w\" sizes=\"(max-width: 1042px) 100vw, 1042px\" \/>\t\t\t\t\t\t\t\t\t\t\t\t\t\t\t<\/div>\n\t\t\t\t<div class=\"elementor-element elementor-element-bebe091 elementor-widget elementor-widget-text-editor\" data-id=\"bebe091\" data-element_type=\"widget\" data-widget_type=\"text-editor.default\">\n\t\t\t\t\t\t\t\t\t<p>A <span style=\"font-weight: 600;\" data-token-index=\"1\">Cl\u00ednica de Direitos Humanos da UNESP (CDH)<\/span> surgiu no ano de 2025, diante da observ\u00e2ncia da necessidade de mobiliza\u00e7\u00e3o dos grupos vulner\u00e1veis da cidade de Franca\/S\u00e3o Paulo. Ap\u00f3s alguns projetos realizados, estabeleceu-se um di\u00e1logo com a Comiss\u00e3o de Diversidade e a Comiss\u00e3o de Direito das Fam\u00edlias da Ordem dos Advogados do Brasil (OAB) de Franca e com membros da comunidade LGBTQIA+ da regi\u00e3o.\u00a0<!-- notionvc: 25587fac-227a-4e8b-81f1-24c78c10370b --><\/p><p>Diante desta atividade, identificou-se uma lacuna, qual seja, ao buscar entidades da sociedade civil voltadas \u00e0 defesa da comunidade LGBTQIA+, que pudessem atuar conjuntamente, vislumbrou-se a desestrutura\u00e7\u00e3o dessas institui\u00e7\u00f5es, impedindo a atua\u00e7\u00e3o conjunta, que se configurava na assinatura de uma manifesta\u00e7\u00e3o.<\/p><p>Assim, percebendo a necessidade de fortalecimento das institui\u00e7\u00f5es da sociedade civil de prote\u00e7\u00e3o aos direitos humanos dos grupos vulnerabilizados houve a ideia de cria\u00e7\u00e3o da <span style=\"font-weight: 600;\" data-token-index=\"1\">CL\u00cdNICA DE DIREITOS HUMANOS DA UNESP<\/span>.<\/p>\t\t\t\t\t\t\t\t<\/div>\n\t\t<div class=\"elementor-element elementor-element-a9092ba e-con-full e-flex e-con e-child\" data-id=\"a9092ba\" data-element_type=\"container\">\n\t\t\t\t<div class=\"elementor-element elementor-element-ab98957 elementor-widget__width-initial elementor-widget-mobile__width-initial elementor-widget elementor-widget-image\" data-id=\"ab98957\" data-element_type=\"widget\" data-widget_type=\"image.default\">\n\t\t\t\t\t\t\t\t\t\t\t\t\t\t\t<img decoding=\"async\" width=\"800\" height=\"285\" src=\"https:\/\/cdh.franca.unesp.br\/wp-content\/uploads\/2025\/11\/Logo-Horizontal-Cor-1-1024x365.png\" class=\"attachment-large size-large wp-image-121\" alt=\"\" srcset=\"https:\/\/cdh.franca.unesp.br\/wp-content\/uploads\/2025\/11\/Logo-Horizontal-Cor-1-1024x365.png 1024w, https:\/\/cdh.franca.unesp.br\/wp-content\/uploads\/2025\/11\/Logo-Horizontal-Cor-1-300x107.png 300w, https:\/\/cdh.franca.unesp.br\/wp-content\/uploads\/2025\/11\/Logo-Horizontal-Cor-1-768x274.png 768w, https:\/\/cdh.franca.unesp.br\/wp-content\/uploads\/2025\/11\/Logo-Horizontal-Cor-1-1536x548.png 1536w, https:\/\/cdh.franca.unesp.br\/wp-content\/uploads\/2025\/11\/Logo-Horizontal-Cor-1.png 1645w\" sizes=\"(max-width: 800px) 100vw, 800px\" \/>\t\t\t\t\t\t\t\t\t\t\t\t\t\t\t<\/div>\n\t\t\t\t<div class=\"elementor-element elementor-element-96f6692 elementor-widget elementor-widget-image\" data-id=\"96f6692\" data-element_type=\"widget\" data-widget_type=\"image.default\">\n\t\t\t\t\t\t\t\t\t\t\t\t\t\t\t<img decoding=\"async\" width=\"500\" height=\"200\" src=\"https:\/\/cdh.franca.unesp.br\/wp-content\/uploads\/2025\/11\/logo-unesp.png\" class=\"attachment-large size-large wp-image-123\" alt=\"\" srcset=\"https:\/\/cdh.franca.unesp.br\/wp-content\/uploads\/2025\/11\/logo-unesp.png 500w, https:\/\/cdh.franca.unesp.br\/wp-content\/uploads\/2025\/11\/logo-unesp-300x120.png 300w\" sizes=\"(max-width: 500px) 100vw, 500px\" \/>\t\t\t\t\t\t\t\t\t\t\t\t\t\t\t<\/div>\n\t\t\t\t<\/div>\n\t\t\t\t<\/div>\n\t\t<div class=\"elementor-element elementor-element-d34e75d e-con-full e-flex e-con e-child\" data-id=\"d34e75d\" data-element_type=\"container\">\n\t\t\t\t<\/div>\n\t\t\t\t\t<\/div>\n\t\t\t\t<\/div>\n\t\t<div class=\"elementor-element elementor-element-ad11c07 e-flex e-con-boxed e-con e-parent\" data-id=\"ad11c07\" data-element_type=\"container\">\n\t\t\t\t\t<div class=\"e-con-inner\">\n\t\t<div class=\"elementor-element elementor-element-17a4200 e-con-full e-flex e-con e-child\" data-id=\"17a4200\" data-element_type=\"container\" data-settings=\"{&quot;background_background&quot;:&quot;classic&quot;}\">\n\t\t\t\t<div class=\"elementor-element elementor-element-d62ce25 elementor-widget elementor-widget-heading\" data-id=\"d62ce25\" data-element_type=\"widget\" data-widget_type=\"heading.default\">\n\t\t\t\t\t<h2 class=\"elementor-heading-title elementor-size-default\">O que fazemos?<\/h2>\t\t\t\t<\/div>\n\t\t\t\t<div class=\"elementor-element elementor-element-c0e9082 elementor-widget elementor-widget-text-editor\" data-id=\"c0e9082\" data-element_type=\"widget\" data-widget_type=\"text-editor.default\">\n\t\t\t\t\t\t\t\t\t<p>Congregando professores, pesquisadores e estudantes de gradua\u00e7\u00e3o e p\u00f3s-gradua\u00e7\u00e3o, buscamos aproximar a forma\u00e7\u00e3o jur\u00eddica da realidade social, promovendo o aprendizado ativo e a aplica\u00e7\u00e3o pr\u00e1tica do conhecimento jur\u00eddico. Nesse sentido, a Cl\u00ednica de Direitos Humanos da UNESP atua em v\u00e1rias frentes voltadas \u00e0 mobiliza\u00e7\u00e3o social e \u00e0 concretiza\u00e7\u00e3o do acesso \u00e0 justi\u00e7a, em constante di\u00e1logo com grupos em situa\u00e7\u00e3o de vulnerabilidade, entidades representativas e parceiros.<!-- notionvc: 9d9bb27f-5ecd-4b3f-89b9-acaff628fdec --><\/p>\t\t\t\t\t\t\t\t<\/div>\n\t\t\t\t<\/div>\n\t\t<div class=\"elementor-element elementor-element-eee36e7 e-con-full e-flex e-con e-child\" data-id=\"eee36e7\" data-element_type=\"container\">\n\t\t\t\t<div class=\"elementor-element elementor-element-be387af elementor-widget elementor-widget-heading\" data-id=\"be387af\" data-element_type=\"widget\" data-widget_type=\"heading.default\">\n\t\t\t\t\t<h2 class=\"elementor-heading-title elementor-size-default\">Atua\u00e7\u00e3o<\/h2>\t\t\t\t<\/div>\n\t\t<div class=\"elementor-element elementor-element-f913849 e-con-full e-flex e-con e-child\" data-id=\"f913849\" data-element_type=\"container\">\n\t\t<div class=\"elementor-element elementor-element-38b66e8 e-con-full e-flex e-con e-child\" data-id=\"38b66e8\" data-element_type=\"container\">\n\t\t<div class=\"elementor-element elementor-element-87f1b3a e-con-full e-flex e-con e-child\" data-id=\"87f1b3a\" data-element_type=\"container\">\n\t\t\t\t<div class=\"elementor-element elementor-element-662f7b2 elementor-view-default elementor-widget elementor-widget-icon\" data-id=\"662f7b2\" data-element_type=\"widget\" data-widget_type=\"icon.default\">\n\t\t\t\t\t\t\t<div class=\"elementor-icon-wrapper\">\n\t\t\t<div class=\"elementor-icon\">\n\t\t\t<svg aria-hidden=\"true\" class=\"e-font-icon-svg e-fas-check\" viewBox=\"0 0 512 512\" xmlns=\"http:\/\/www.w3.org\/2000\/svg\"><path d=\"M173.898 439.404l-166.4-166.4c-9.997-9.997-9.997-26.206 0-36.204l36.203-36.204c9.997-9.998 26.207-9.998 36.204 0L192 312.69 432.095 72.596c9.997-9.997 26.207-9.997 36.204 0l36.203 36.204c9.997 9.997 9.997 26.206 0 36.204l-294.4 294.401c-9.998 9.997-26.207 9.997-36.204-.001z\"><\/path><\/svg>\t\t\t<\/div>\n\t\t<\/div>\n\t\t\t\t\t\t<\/div>\n\t\t\t\t<div class=\"elementor-element elementor-element-3bc185b elementor-widget elementor-widget-text-editor\" data-id=\"3bc185b\" data-element_type=\"widget\" data-widget_type=\"text-editor.default\">\n\t\t\t\t\t\t\t\t\t<p><span class=\"a_GcMg font-feature-liga-off font-feature-clig-off font-feature-calt-off text-decoration-none text-strikethrough-none\" style=\"color: rgba(0,0,0,var(--o42jjq,1)); caret-color: #000000; --ys-xuq: none; font-kerning: normal;\">A frente de <\/span><span class=\"a_GcMg font-feature-liga-off font-feature-clig-off font-feature-calt-off text-decoration-none text-strikethrough-none\" style=\"color: rgba(255,49,49,var(--o42jjq,1)); caret-color: #ff3131; --ys-xuq: none; font-weight: bold; font-kerning: normal;\">Observat\u00f3rio e Diagn\u00f3stico de Desigualdades<\/span><span class=\"a_GcMg font-feature-liga-off font-feature-clig-off font-feature-calt-off text-decoration-none text-strikethrough-none\" style=\"color: rgba(0,0,0,var(--o42jjq,1)); caret-color: #000000; --ys-xuq: none; font-kerning: normal;\">, que sistematiza dados emp\u00edricos e territorializados sobre viola\u00e7\u00f5es de direitos, em articula\u00e7\u00e3o com movimentos sociais.<\/span><\/p>\t\t\t\t\t\t\t\t<\/div>\n\t\t\t\t<\/div>\n\t\t<div class=\"elementor-element elementor-element-b3416fa e-con-full e-flex e-con e-child\" data-id=\"b3416fa\" data-element_type=\"container\">\n\t\t\t\t<div class=\"elementor-element elementor-element-17d2f32 elementor-view-default elementor-widget elementor-widget-icon\" data-id=\"17d2f32\" data-element_type=\"widget\" data-widget_type=\"icon.default\">\n\t\t\t\t\t\t\t<div class=\"elementor-icon-wrapper\">\n\t\t\t<div class=\"elementor-icon\">\n\t\t\t<svg aria-hidden=\"true\" class=\"e-font-icon-svg e-fas-check\" viewBox=\"0 0 512 512\" xmlns=\"http:\/\/www.w3.org\/2000\/svg\"><path d=\"M173.898 439.404l-166.4-166.4c-9.997-9.997-9.997-26.206 0-36.204l36.203-36.204c9.997-9.998 26.207-9.998 36.204 0L192 312.69 432.095 72.596c9.997-9.997 26.207-9.997 36.204 0l36.203 36.204c9.997 9.997 9.997 26.206 0 36.204l-294.4 294.401c-9.998 9.997-26.207 9.997-36.204-.001z\"><\/path><\/svg>\t\t\t<\/div>\n\t\t<\/div>\n\t\t\t\t\t\t<\/div>\n\t\t\t\t<div class=\"elementor-element elementor-element-a786640 elementor-widget elementor-widget-text-editor\" data-id=\"a786640\" data-element_type=\"widget\" data-widget_type=\"text-editor.default\">\n\t\t\t\t\t\t\t\t\t<p><span style=\"color: rgba(0,0,0,var(--o42jjq,1)); caret-color: #000000; --ys-xuq: none; font-kerning: normal;\">A frente como <\/span><span style=\"color: rgba(255,49,49,var(--o42jjq,1)); caret-color: #ff3131; --ys-xuq: none; font-weight: bold; font-style: italic; font-kerning: normal;\">Amicus Curiae<\/span><span style=\"color: rgba(0,0,0,var(--o42jjq,1)); caret-color: #000000; --ys-xuq: none; font-kerning: normal;\"> em casos emblem\u00e1ticos de viola\u00e7\u00e3o de direitos fundamentais.<\/span><\/p>\t\t\t\t\t\t\t\t<\/div>\n\t\t\t\t<\/div>\n\t\t<div class=\"elementor-element elementor-element-181e383 e-con-full e-flex e-con e-child\" data-id=\"181e383\" data-element_type=\"container\">\n\t\t\t\t<div class=\"elementor-element elementor-element-dcbbd3e elementor-view-default elementor-widget elementor-widget-icon\" data-id=\"dcbbd3e\" data-element_type=\"widget\" data-widget_type=\"icon.default\">\n\t\t\t\t\t\t\t<div class=\"elementor-icon-wrapper\">\n\t\t\t<div class=\"elementor-icon\">\n\t\t\t<svg aria-hidden=\"true\" class=\"e-font-icon-svg e-fas-check\" viewBox=\"0 0 512 512\" xmlns=\"http:\/\/www.w3.org\/2000\/svg\"><path d=\"M173.898 439.404l-166.4-166.4c-9.997-9.997-9.997-26.206 0-36.204l36.203-36.204c9.997-9.998 26.207-9.998 36.204 0L192 312.69 432.095 72.596c9.997-9.997 26.207-9.997 36.204 0l36.203 36.204c9.997 9.997 9.997 26.206 0 36.204l-294.4 294.401c-9.998 9.997-26.207 9.997-36.204-.001z\"><\/path><\/svg>\t\t\t<\/div>\n\t\t<\/div>\n\t\t\t\t\t\t<\/div>\n\t\t\t\t<div class=\"elementor-element elementor-element-2c838fd elementor-widget elementor-widget-text-editor\" data-id=\"2c838fd\" data-element_type=\"widget\" data-widget_type=\"text-editor.default\">\n\t\t\t\t\t\t\t\t\t<p><span class=\"a_GcMg font-feature-liga-off font-feature-clig-off font-feature-calt-off text-decoration-none text-strikethrough-none\" style=\"color: rgba(0,0,0,var(--o42jjq,1)); caret-color: #000000; --ys-xuq: none; font-kerning: normal;\">O <\/span><span class=\"a_GcMg font-feature-liga-off font-feature-clig-off font-feature-calt-off text-decoration-none text-strikethrough-none\" style=\"color: rgba(255,49,49,var(--o42jjq,1)); caret-color: #ff3131; --ys-xuq: none; font-weight: bold; font-kerning: normal;\">N\u00facleo de Apoio Empresarial<\/span><span class=\"a_GcMg font-feature-liga-off font-feature-clig-off font-feature-calt-off text-decoration-none text-strikethrough-none\" style=\"color: rgba(0,0,0,var(--o42jjq,1)); caret-color: #000000; --ys-xuq: none; font-kerning: normal;\"> (NAE) um grupo de extens\u00e3o que tem por objetivo viabilizar a regulariza\u00e7\u00e3o em \u00e2mbito empresarial e tribut\u00e1rio das entidades que atendem grupos vulnerabilizados em Franca\/SP.<\/span><\/p>\t\t\t\t\t\t\t\t<\/div>\n\t\t\t\t<\/div>\n\t\t\t\t<\/div>\n\t\t\t\t<div class=\"elementor-element elementor-element-7aa4443 elementor-widget elementor-widget-image\" data-id=\"7aa4443\" data-element_type=\"widget\" data-widget_type=\"image.default\">\n\t\t\t\t\t\t\t\t\t\t\t\t\t\t\t<img loading=\"lazy\" decoding=\"async\" width=\"800\" height=\"600\" src=\"https:\/\/cdh.franca.unesp.br\/wp-content\/uploads\/2025\/11\/Cores-2-1024x768.png\" class=\"attachment-large size-large wp-image-394\" alt=\"\" srcset=\"https:\/\/cdh.franca.unesp.br\/wp-content\/uploads\/2025\/11\/Cores-2-1024x768.png 1024w, https:\/\/cdh.franca.unesp.br\/wp-content\/uploads\/2025\/11\/Cores-2-300x225.png 300w, https:\/\/cdh.franca.unesp.br\/wp-content\/uploads\/2025\/11\/Cores-2-768x576.png 768w, https:\/\/cdh.franca.unesp.br\/wp-content\/uploads\/2025\/11\/Cores-2-1536x1152.png 1536w, https:\/\/cdh.franca.unesp.br\/wp-content\/uploads\/2025\/11\/Cores-2.png 1600w\" sizes=\"(max-width: 800px) 100vw, 800px\" \/>\t\t\t\t\t\t\t\t\t\t\t\t\t\t\t<\/div>\n\t\t\t\t<\/div>\n\t\t\t\t<\/div>\n\t\t\t\t\t<\/div>\n\t\t\t\t<\/div>\n\t\t\t\t<\/div>\n\t\t","protected":false},"excerpt":{"rendered":"<p>Quem somos Conhe\u00e7a a cl\u00ednica A Cl\u00ednica de Direitos Humanos da UNESP (CDH) surgiu no ano de 2025, a partir da expans\u00e3o do Projeto Amicus Curiae \u2013 democratiza\u00e7\u00e3o do acesso \u00e0 justi\u00e7a, desenvolvido em 2024, para contemplar a perspectiva da mobiliza\u00e7\u00e3o social e, neste contexto, contribuir para o fortalecimento de entidades e grupos que representam [&hellip;]<\/p>\n","protected":false},"author":1,"featured_media":0,"parent":0,"menu_order":0,"comment_status":"closed","ping_status":"closed","template":"","meta":{"footnotes":""},"class_list":["post-11","page","type-page","status-publish","hentry"],"_links":{"self":[{"href":"https:\/\/cdh.franca.unesp.br\/index.php?rest_route=\/wp\/v2\/pages\/11","targetHints":{"allow":["GET"]}}],"collection":[{"href":"https:\/\/cdh.franca.unesp.br\/index.php?rest_route=\/wp\/v2\/pages"}],"about":[{"href":"https:\/\/cdh.franca.unesp.br\/index.php?rest_route=\/wp\/v2\/types\/page"}],"author":[{"embeddable":true,"href":"https:\/\/cdh.franca.unesp.br\/index.php?rest_route=\/wp\/v2\/users\/1"}],"replies":[{"embeddable":true,"href":"https:\/\/cdh.franca.unesp.br\/index.php?rest_route=%2Fwp%2Fv2%2Fcomments&post=11"}],"version-history":[{"count":0,"href":"https:\/\/cdh.franca.unesp.br\/index.php?rest_route=\/wp\/v2\/pages\/11\/revisions"}],"wp:attachment":[{"href":"https:\/\/cdh.franca.unesp.br\/index.php?rest_route=%2Fwp%2Fv2%2Fmedia&parent=11"}],"curies":[{"name":"wp","href":"https:\/\/api.w.org\/{rel}","templated":true}]}}